{"id":599,"date":"2020-09-14T12:58:51","date_gmt":"2020-09-14T10:58:51","guid":{"rendered":"https:\/\/hatikva.de\/schlussstrich\/?page_id=599"},"modified":"2020-09-18T23:07:56","modified_gmt":"2020-09-18T21:07:56","slug":"keep-it-simple","status":"publish","type":"page","link":"https:\/\/hatikva.de\/schlussstrich\/themenbereiche-nach-15-9-2020\/verschwo%cc%88rungstheorien\/keep-it-simple\/","title":{"rendered":"Keep it simple"},"content":{"rendered":"\n<h2>Halte die Dinge einfach und zielorientiert<\/h2>\n\n\n\n<p><strong>Fachliche Einfu\u0308hrung und Entscheidungshilfe<\/strong><\/p>\n\n\n\n<p>In vielen Bereichen vor allem im Internet sind Menschen mit sogenannten Verschw\u00f6rungstheorien konfrontiert. Verschw\u00f6rungserz\u00e4hlungen bieten fu\u0308r ihre Anh\u00e4nger und Anh\u00e4ngerinnen vermeintliche Erkl\u00e4rungen fu\u0308r historische Zusammenh\u00e4nge oder auch fu\u0308r wirtschaftliche und soziale Geschehnisse. Dabei wird ein dualistisches Weltbild imaginiert, das auf der einen Seite vom b\u00f6sen Verschw\u00f6rer ausgeht, dem auf der anderen Seite das Gute, die allgemeine Bev\u00f6lkerung, gegenu\u0308bersteht. Verbunden damit ist in Teilen auch eine Wissenschaftsskepsis, die beispielsweise in der Rede von der &#8222;Klimalu\u0308ge&#8220; oder der &#8222;Chemtrail&#8220;-Erz\u00e4hlung ihren Ausdruck findet. Laut dem Wissenschaftsbarometer, einer regelm\u00e4\u00dfig durchgefu\u0308hrten Studie, ist zwar die Mehrzahl der Befragten an Wissenschaft interessiert, doch sind viele auch skeptisch und unentschieden, wenn es darum geht, ob Wissenschaftler zum Wohl der Gesellschaft arbeiten.<\/p>\n\n\n\n<p>Im Gegensatz zu wissenschaftlichen Theorien, die logisch und nachweisbar sein sollen, erfu\u0308llen Verschw\u00f6rungstheorien diese Standards meist nicht. So wirken Verschw\u00f6rungstheorien meist u\u0308ber einen emotionalisierten Zugang und erreichen dadurch eine gro\u00dfe Gruppe, zumal sie durch leichtere Sprache meist verst\u00e4ndlicher formuliert sind als wissenschaftliche Ausarbeitungen. Verschw\u00f6rungstheorien sind nach wissenschaftlichen Standards keine Theorien im eigentlichen Sinne des Begriffs, weil sie nicht nachweisbar sind bzw. von nicht verifizierten Grundannahmen ausgehen. Wissenschaftliche Theorien sind zudem in sich widerspruchsfrei und nach wissenschaftlichen Standards auch u\u0308berpru\u0308fbar.<br>Das Modul greift den Aspekt der Unwissenschaftlichkeit von Verschw\u00f6rungstheorien auf. In Anlehnung an das Sparsamkeitsprinzip wissenschaftlicher Theoriebildung (vgl. &#8222;Ockhams Rasiermesser&#8220;) werden zwei wesentliche Elemente einer wissenschaftlichen Theorie plausibel gemacht. Zum einen wird gezeigt, dass in der Wissenschaft von nachpru\u0308fbaren Vorannahmen ausgegangen werden soll, und zum anderen soll gezeigt werden, dass Theorien mit u\u0308berm\u00e4\u00dfig vielen unu\u0308berpru\u0308fbaren Vorannahmen vernachl\u00e4ssigt werden k\u00f6nnen, wenn eine einfache, sparsame Theorie den Sachverhalt ausreichend gut und plausibel erkl\u00e4rt.<br>Oft enthalten Verschw\u00f6rungserz\u00e4hlungen antisemitische Elemente, dadurch bietet das Modul einen niedrigschwelligen Zugang zur antisemitismuskritischen Bildungsarbeit.<\/p>\n\n\n\n<p><strong>Ziele:<\/strong><\/p>\n\n\n\n<ul><li>Die Teilnehmenden sind bef\u00e4higt, die Unwissenschaftlichkeit von Verschw\u00f6rungstheorien zu erkennen.<\/li><li>Die Teilnehmenden nutzen die erarbeiteten Inhalte als erste Herangehensweise beim Kontakt mit sogenannten Verschw\u00f6rungstheorien.<\/li><\/ul>\n\n\n\n<p><strong>Kurzablauf:<\/strong><\/p>\n\n\n\n<table id=\"tablepress-21\" class=\"tablepress tablepress-id-21\">\n<thead>\n<tr class=\"row-1 odd\">\n\t<th class=\"column-1\">Ablauf<\/th><th class=\"column-2\">Methode<\/th><th class=\"column-3\">Material<\/th><th class=\"column-4\">Zeitumfang<\/th>\n<\/tr>\n<\/thead>\n<tbody class=\"row-hover\">\n<tr class=\"row-2 even\">\n\t<td class=\"column-1\">Einstieg,<br \/>\nkurze L\u00f6sungstheorien finden<\/td><td class=\"column-2\">Pr\u00e4sentation der Geschichte,<br \/>\nVergabe, Erkl\u00e4rung der Aufgabe<br \/>\nEinzelarbeit<\/td><td class=\"column-3\">Arbeitsblatt mit Geschichte, Stifte<\/td><td class=\"column-4\">10 Minuten<\/td>\n<\/tr>\n<tr class=\"row-3 odd\">\n\t<td class=\"column-1\">\u00dcberpru\u0308fung der L\u00f6sungstheorien<\/td><td class=\"column-2\">Gruppenarbeit<\/td><td class=\"column-3\">Arbeitsblatt mit Tabelle, A3-Papier und Stifte<\/td><td class=\"column-4\">20 Minuten<\/td>\n<\/tr>\n<tr class=\"row-4 even\">\n\t<td class=\"column-1\">Pr\u00e4sentation der L\u00f6sungen und<br \/>\nErgebnissicherung<\/td><td class=\"column-2\">Kurzvortr\u00e4ge der Gruppen,<br \/>\nZusammenfassung (optional: Verweis auf Ockhams Rasiermesser), Diskussion, Nachfragen<\/td><td class=\"column-3\">Tafel<\/td><td class=\"column-4\">15 Minuten<\/td>\n<\/tr>\n<\/tbody>\n<\/table>\n<!-- #tablepress-21 from cache -->\n\n\n\n<p><strong>Ablauf:<\/strong><\/p>\n\n\n\n<p>1) Pr\u00e4sentieren Sie den Teilnehmenden eine kurze Geschichte oder ein R\u00e4tsel, deren Hintergru\u0308nde bzw. L\u00f6sung unerkl\u00e4rt bleiben. Im Anschluss soll in Einzelarbeit eine kurze L\u00f6sung der Geschichte schriftlich erarbeitet werden. Dazu kann das vorbereitete <a href=\"https:\/\/hatikva.de\/schlussstrich\/wp-content\/uploads\/2020\/09\/Arbeitsblatt-zu-Ockham.docx\" target=\"_blank\" rel=\"noreferrer noopener\">Arbeitsblatt<\/a> genutzt werden. Fu\u0308r die Erarbeitung der L\u00f6sungsm\u00f6glichkeiten haben die Teilnehmenden 5 Minuten Zeit.<\/p>\n\n\n\n<p>Beispielgeschichte:<\/p>\n\n\n\n<p><em>Julius, ein begnadeter Online-Spieler, hatte mehr als zwei Tage durchgespielt, um einen Kampf gegen seinen Erzrivalen Leo zu bestreiten. Nach den zwei Tagen fand man ihn tot an seinem Rechner. Der obduzierende Arzt konnte lediglich Herzstillstand feststellen.<\/em><\/p>\n\n\n\n<p>Was ist passiert?<\/p>\n\n\n\n<p class=\"has-text-align-right\"><i class=\"far fa-clock\"><\/i> 10 Minuten<\/p>\n\n\n\n<p>2) Die Teilnehmenden u\u0308berpru\u0308fen nun in Gruppenarbeit die verschiedenen Erkl\u00e4rungsm\u00f6glichkeiten mithilfe der <a href=\"https:\/\/hatikva.de\/schlussstrich\/wp-content\/uploads\/2020\/09\/Ockham-Lo\u0308sungsansa\u0308tze.docx\" target=\"_blank\" rel=\"noreferrer noopener\">Tabelle<\/a>. Jede Gruppe bearbeitet mehrere Aufl\u00f6sungen der Geschichte, nur m\u00f6glichst nicht die eigenen. Die Aufgabe besteht dabei darin, effektiv und schnell zu arbeiten und zu sortieren, welche der L\u00f6sungsgeschichten am wahrscheinlichsten ist. Die L\u00f6sungsgeschichten werden in kleine Bestandteile (die einzelnen Vorannahmen) zerlegt, die dann nach Glaubhaftigkeit beurteilt werden.<\/p>\n\n\n\n<p>Arbeitsauftrag:<\/p>\n\n\n\n<ul><li><em>Benennen Sie mithilfe der Tabelle die einzelnen Bedingungen (Vorannahmen) der Geschichte und beurteilen Sie die Wahrscheinlichkeit dieser!<\/em><\/li><\/ul>\n\n\n\n<p class=\"has-text-align-right\"><i class=\"far fa-clock\"><\/i> 20 Minuten<\/p>\n\n\n\n<p>3) Alle Gruppen stellen nun nacheinander ihre Arbeitsergebnisse vor. Der Teamende fasst die Ergebnisse bezogen auf die Fragestellung zusammen. Dabei kann ein Hinweis auf die Adaption des Modells zur wissenschaftlichen Theoriebildung nach Ockham (Ockhams Rasiermesser, siehe Literaturhinweis) hilfreich sein. Wichtig ist, dass besonders absurde Theorien durch die Anzahl der nicht kl\u00e4rbaren Variablen und Vorannahmen ausscheiden. Am Ende sollte auf die praktische Anwendungsm\u00f6glichkeit im Alltag bei Kontakt mit sogenannten Verschw\u00f6rungstheorien hingewiesen werden.<\/p>\n\n\n\n<p>Fragen:<\/p>\n\n\n\n<ul><li>Welche der Erkl\u00e4rungen ist am wahrscheinlichsten? Welche Erkl\u00e4rung ist logisch?<\/li><li>Welche Erkl\u00e4rung konnte am einfachsten ausgeschlossen werden und warum?<\/li><li>Welche Erkl\u00e4rung hat bei der Bearbeitung am meisten Zeit in Anspruch genommen?<\/li><\/ul>\n\n\n\n<p><strong>Wichtig:<\/strong> Es sollte klar herauskommen, dass dieses Vorgehen nicht unbedingt eine Aussage u\u0308ber den tats\u00e4chlichen Hergang erm\u00f6glicht, sondern nur dazu dient, die unn\u00f6tigsten Vorannahmen und die unwahrscheinlichsten und am schlechtesten verifizierbaren Theorien auszusondern.<\/p>\n\n\n\n<p class=\"has-text-align-right\"><i class=\"far fa-clock\"><\/i> 15 Minuten<\/p>\n\n\n\n<p><strong>Literatur und weiterfu\u0308hrende Links:<\/strong><\/p>\n\n\n\n<ul><li><a href=\"https:\/\/de.wikipedia.org\/wiki\/Ockhams_Rasiermesser\" target=\"_blank\" rel=\"noreferrer noopener\">https:\/\/de.wikipedia.org\/wiki\/Ockhams_Rasiermesser<\/a><\/li><li><a href=\"https:\/\/www.amadeu-antonio-stiftung.de\/wp-content\/uploads\/2018\/08\/verschwoerungen-internet-1.pdf\" target=\"_blank\" rel=\"noreferrer noopener\">https:\/\/www.amadeu-antonio-stiftung.de\/wp-content\/uploads\/2018\/08\/verschwoerungen-internet-1.pdf<\/a><\/li><li><a href=\"https:\/\/www.wissenschaft-im-dialog.de\/projekte\/wissenschaftsbarometer\/wissenschaftsbarometer-2019\/\" target=\"_blank\" rel=\"noreferrer noopener\">https:\/\/www.wissenschaft-im-dialog.de\/projekte\/wissenschaftsbarometer\/wissenschaftsbarometer-2019\/<\/a><\/li><\/ul>\n","protected":false},"excerpt":{"rendered":"<p>Halte die Dinge einfach und zielorientiert Fachliche Einfu\u0308hrung und Entscheidungshilfe In vielen Bereichen vor allem im Internet sind Menschen mit sogenannten Verschw\u00f6rungstheorien konfrontiert. Verschw\u00f6rungserz\u00e4hlungen bieten fu\u0308r ihre Anh\u00e4nger und Anh\u00e4ngerinnen vermeintliche Erkl\u00e4rungen fu\u0308r historische Zusammenh\u00e4nge oder auch fu\u0308r wirtschaftliche und soziale Geschehnisse. Dabei wird ein dualistisches Weltbild imaginiert, das auf der einen Seite vom b\u00f6sen [&hellip;]<\/p>\n","protected":false},"author":2,"featured_media":0,"parent":642,"menu_order":2,"comment_status":"closed","ping_status":"closed","template":"","meta":[],"_links":{"self":[{"href":"https:\/\/hatikva.de\/schlussstrich\/wp-json\/wp\/v2\/pages\/599"}],"collection":[{"href":"https:\/\/hatikva.de\/schlussstrich\/wp-json\/wp\/v2\/pages"}],"about":[{"href":"https:\/\/hatikva.de\/schlussstrich\/wp-json\/wp\/v2\/types\/page"}],"author":[{"embeddable":true,"href":"https:\/\/hatikva.de\/schlussstrich\/wp-json\/wp\/v2\/users\/2"}],"replies":[{"embeddable":true,"href":"https:\/\/hatikva.de\/schlussstrich\/wp-json\/wp\/v2\/comments?post=599"}],"version-history":[{"count":6,"href":"https:\/\/hatikva.de\/schlussstrich\/wp-json\/wp\/v2\/pages\/599\/revisions"}],"predecessor-version":[{"id":617,"href":"https:\/\/hatikva.de\/schlussstrich\/wp-json\/wp\/v2\/pages\/599\/revisions\/617"}],"up":[{"embeddable":true,"href":"https:\/\/hatikva.de\/schlussstrich\/wp-json\/wp\/v2\/pages\/642"}],"wp:attachment":[{"href":"https:\/\/hatikva.de\/schlussstrich\/wp-json\/wp\/v2\/media?parent=599"}],"curies":[{"name":"wp","href":"https:\/\/api.w.org\/{rel}","templated":true}]}}