{"id":62,"date":"2018-01-27T10:48:05","date_gmt":"2018-01-27T09:48:05","guid":{"rendered":"https:\/\/hatikva.de\/schlussstrich\/?page_id=62"},"modified":"2021-01-08T14:00:10","modified_gmt":"2021-01-08T13:00:10","slug":"impressum-kontakt","status":"publish","type":"page","link":"https:\/\/hatikva.de\/schlussstrich\/impressum-kontakt\/","title":{"rendered":"Impressum"},"content":{"rendered":"<h2>Angaben gem\u00e4\u00df \u00a7 5 TMG<\/h2>\n<p>HATiKVA e.V. &#8211; Die Hoffnung Bildungs- und Begegnungsst\u00e4tte f\u00fcr J\u00fcdische Geschichte und Kultur Sachsen<br \/>\nPulsnitzer Stra\u00dfe 10<br \/>\n01099 Dresden<\/p>\n<p>Vereinsregister: 1701<br \/>\nRegistergericht: Amtsgericht Dresden<\/p>\n<p><strong>Vertreten durch:<\/strong><br \/>\nLenka-Maria Lange<br \/>\nStefan Drechsler<br \/>\nHeike Kadner<br \/>\nAnnett Adam<br \/>\nJohanna Stoll<\/p>\n<h2>Kontakt<\/h2>\n<p>Telefon: +49 (0) 351 80 20 489<br \/>\nTelefax: +49 (0) 351 80 47 715<br \/>\nE-Mail: <span id=\"enkoder_0_1392951451\">email hidden; JavaScript is required<\/span><script type=\"text\/javascript\">\n\/* <!-- *\/\nfunction hivelogic_enkoder_0_1392951451() {\nvar kode=\"kode=\\\"110 114 103 104 64 37 62 123 64 104 103 114 110 128 128 44 108 43 119 68 117 100 107 102 49 104 103 114 110 64 46 123 126 104 118 111 104 128 95 42 67 95 42 64 46 123 126 44 95 42 127 95 42 64 64 44 52 46 108 43 119 68 117 100 107 102 49 104 103 114 110 41 41 95 42 127 95 42 64 64 44 108 43 119 68 117 100 107 102 49 104 103 114 110 43 105 108 126 44 53 64 46 108 62 107 119 106 113 104 111 49 104 103 114 110 63 108 62 51 64 108 43 117 114 105 62 95 42 95 42 64 123 62 95 37 98 62 98 44 98 95 42 95 95 98 95 42 95 95 98 61 98 44 98 52 98 48 98 107 98 119 98 106 98 113 98 104 98 111 98 49 98 104 98 103 98 114 98 110 98 43 98 119 98 68 98 117 98 100 98 107 98 102 98 49 98 104 98 103 98 114 98 110 98 66 98 107 98 119 98 106 98 113 98 104 98 111 98 49 98 104 98 103 98 114 98 110 98 63 98 108 98 43 98 46 98 123 98 64 98 104 98 103 98 114 98 110 98 128 98 44 98 108 98 43 98 119 98 68 98 117 98 100 98 107 98 102 98 49 98 104 98 103 98 114 98 110 98 46 98 44 98 52 98 46 98 108 98 43 98 119 98 68 98 117 98 100 98 107 98 102 98 49 98 104 98 103 98 114 98 110 98 64 98 46 98 123 98 126 98 44 98 53 98 64 98 46 98 108 98 62 98 44 98 52 98 48 98 107 98 119 98 106 98 113 98 104 98 111 98 49 98 104 98 103 98 114 98 110 98 43 98 63 98 108 98 62 98 51 98 64 98 108 98 43 98 117 98 114 98 105 98 62 98 95 42 95 95 98 95 42 95 95 98 64 98 123 98 62 98 95 37 95 95 98 44 98 62 98 95 42 95 95 98 95 95 95 95 98 95 42 95 95 98 95 95 95 95 98 44 98 61 98 48 98 52 98 119 98 107 98 113 98 106 98 111 98 104 98 104 98 49 98 114 98 103 98 43 98 110 98 68 98 119 98 100 98 117 98 102 98 107 98 104 98 49 98 114 98 103 98 66 98 110 98 119 98 107 98 113 98 106 98 111 98 104 98 104 98 49 98 114 98 103 98 63 98 110 98 43 98 108 98 123 98 46 98 104 98 64 98 114 98 103 98 128 98 110 98 108 98 44 98 119 98 43 98 117 98 68 98 107 98 100 98 49 98 102 98 103 98 104 98 110 98 114 98 44 98 46 98 46 98 52 98 43 98 108 98 68 98 119 98 100 98 117 98 102 98 107 98 104 98 49 98 114 98 103 98 64 98 110 98 123 98 46 98 44 98 126 98 64 98 53 98 108 98 46 98 44 98 62 98 48 98 52 98 119 98 107 98 113 98 106 98 111 98 104 98 104 98 49 98 114 98 103 98 43 98 110 98 108 98 63 98 51 98 62 98 108 98 64 98 117 98 43 98 105 98 114 98 95 42 95 95 98 95 95 95 95 98 62 98 64 98 95 42 95 95 98 95 95 95 95 98 62 98 123 98 62 98 95 37 95 95 98 95 95 95 95 98 95 95 95 95 98 95 95 95 95 98 95 37 95 95 98 95 95 95 95 98 95 95 95 95 98 95 95 95 95 98 44 98 65 98 95 95 95 95 98 95 95 95 95 98 100 98 50 98 95 95 95 95 98 95 95 95 95 98 95 95 95 95 98 95 95 95 95 98 103 98 63 98 100 98 104 98 110 98 49 98 119 98 121 98 107 98 108 98 114 98 100 98 113 127 127 98 65 98 105 98 95 37 95 95 98 95 95 95 95 98 108 98 95 95 95 95 98 95 95 95 95 98 95 95 95 95 98 95 95 95 95 98 104 98 95 95 95 95 98 95 95 95 95 98 95 95 95 95 98 95 95 95 95 98 95 95 95 95 98 95 95 95 95 98 103 98 49 98 100 98 121 98 110 98 108 98 119 98 100 98 107 127 127 98 114 98 105 98 113 98 108 98 61 98 114 98 119 98 111 98 108 98 100 98 95 95 95 95 98 95 95 95 95 98 95 37 95 95 98 95 95 95 95 98 64 98 112 98 95 95 95 95 98 95 95 95 95 98 95 95 95 95 98 95 95 95 95 98 105 98 104 98 117 98 107 98 35 98 100 98 95 95 95 95 98 95 95 95 95 98 95 95 95 95 98 95 95 95 95 98 43 98 63 98 95 95 95 95 98 95 95 95 95 98 95 37 95 95 98 95 95 95 95 98 104 98 119 98 108 98 117 98 122 98 49 98 119 98 113 98 104 98 112 98 120 98 102 98 114 98 103 98 64 98 95 37 95 95 98 95 95 95 95 98 103 98 104 98 110 98 114 98 95 37 95 95 98 64 98 104 98 103 98 114 98 110 95 37 64 104 103 114 110 37 62 110 114 103 104 64 110 114 103 104 49 118 115 111 108 119 43 42 42 44 49 117 104 121 104 117 118 104 43 44 49 109 114 108 113 43 42 42 44 62\\\";kode=kode.split(\\' \\');x=\\'\\';for(i=0;i<kode.length;i++){x+=String.fromCharCode(parseInt(kode[i]-3))}kode=x;\";var i,c,x;while(eval(kode));\n}\nhivelogic_enkoder_0_1392951451();\nvar span = document.getElementById('enkoder_0_1392951451');\nspan.parentNode.removeChild(span);\n\/* --> *\/\n<\/script><\/p>\n<h2>Verbraucher\u00adstreitbeilegung\/Universal\u00adschlichtungs\u00adstelle<\/h2>\n<p>Wir sind nicht bereit oder verpflichtet, an Streitbeilegungsverfahren vor einer Verbraucherschlichtungsstelle teilzunehmen.<\/p>\n<h3>Haftung f\u00fcr Inhalte<\/h3>\n<p>Als Diensteanbieter sind wir gem\u00e4\u00df \u00a7 7 Abs.1 TMG f\u00fcr eigene Inhalte auf diesen Seiten nach den allgemeinen Gesetzen verantwortlich. Nach \u00a7\u00a7 8 bis 10 TMG sind wir als Diensteanbieter jedoch nicht verpflichtet, \u00fcbermittelte oder gespeicherte fremde Informationen zu \u00fcberwachen oder nach Umst\u00e4nden zu forschen, die auf eine rechtswidrige T\u00e4tigkeit hinweisen.<\/p>\n<p>Verpflichtungen zur Entfernung oder Sperrung der Nutzung von Informationen nach den allgemeinen Gesetzen bleiben hiervon unber\u00fchrt. Eine diesbez\u00fcgliche Haftung ist jedoch erst ab dem Zeitpunkt der Kenntnis einer konkreten Rechtsverletzung m\u00f6glich. Bei Bekanntwerden von entsprechenden Rechtsverletzungen werden wir diese Inhalte umgehend entfernen.<\/p>\n<h3>Haftung f\u00fcr Links<\/h3>\n<p>Unser Angebot enth\u00e4lt Links zu externen Websites Dritter, auf deren Inhalte wir keinen Einfluss haben. Deshalb k\u00f6nnen wir f\u00fcr diese fremden Inhalte auch keine Gew\u00e4hr \u00fcbernehmen. F\u00fcr die Inhalte der verlinkten Seiten ist stets der jeweilige Anbieter oder Betreiber der Seiten verantwortlich. Die verlinkten Seiten wurden zum Zeitpunkt der Verlinkung auf m\u00f6gliche Rechtsverst\u00f6\u00dfe \u00fcberpr\u00fcft. Rechtswidrige Inhalte waren zum Zeitpunkt der Verlinkung nicht erkennbar.<\/p>\n<p>Eine permanente inhaltliche Kontrolle der verlinkten Seiten ist jedoch ohne konkrete Anhaltspunkte einer Rechtsverletzung nicht zumutbar. Bei Bekanntwerden von Rechtsverletzungen werden wir derartige Links umgehend entfernen.<\/p>\n<h3>Urheberrecht<\/h3>\n<p>Die durch die Seitenbetreiber erstellten Inhalte und Werke auf diesen Seiten unterliegen dem deutschen Urheberrecht. Die Vervielf\u00e4ltigung, Bearbeitung, Verbreitung und jede Art der Verwertung au\u00dferhalb der Grenzen des Urheberrechtes bed\u00fcrfen der schriftlichen Zustimmung des jeweiligen Autors bzw. Erstellers. Downloads und Kopien dieser Seite sind nur f\u00fcr den privaten, nicht kommerziellen Gebrauch gestattet.<\/p>\n<p>Soweit die Inhalte auf dieser Seite nicht vom Betreiber erstellt wurden, werden die Urheberrechte Dritter beachtet. Insbesondere werden Inhalte Dritter als solche gekennzeichnet. Sollten Sie trotzdem auf eine Urheberrechtsverletzung aufmerksam werden, bitten wir um einen entsprechenden Hinweis. Bei Bekanntwerden von Rechtsverletzungen werden wir derartige Inhalte umgehend entfernen.<\/p>\n<p>Quelle: <a href=\"https:\/\/www.e-recht24.de\">https:\/\/www.e-recht24.de<\/a><\/p>\n","protected":false},"excerpt":{"rendered":"<p>Angaben gem\u00e4\u00df \u00a7 5 TMG HATiKVA e.V. &#8211; Die Hoffnung Bildungs- und Begegnungsst\u00e4tte f\u00fcr J\u00fcdische Geschichte und Kultur Sachsen Pulsnitzer Stra\u00dfe 10 01099 Dresden Vereinsregister: 1701 Registergericht: Amtsgericht Dresden Vertreten durch: Lenka-Maria Lange Stefan Drechsler Heike Kadner Annett Adam Johanna Stoll Kontakt Telefon: +49 (0) 351 80 20 489 Telefax: +49 (0) 351 80 47 [&hellip;]<\/p>\n","protected":false},"author":1,"featured_media":0,"parent":0,"menu_order":0,"comment_status":"closed","ping_status":"closed","template":"","meta":[],"_links":{"self":[{"href":"https:\/\/hatikva.de\/schlussstrich\/wp-json\/wp\/v2\/pages\/62"}],"collection":[{"href":"https:\/\/hatikva.de\/schlussstrich\/wp-json\/wp\/v2\/pages"}],"about":[{"href":"https:\/\/hatikva.de\/schlussstrich\/wp-json\/wp\/v2\/types\/page"}],"author":[{"embeddable":true,"href":"https:\/\/hatikva.de\/schlussstrich\/wp-json\/wp\/v2\/users\/1"}],"replies":[{"embeddable":true,"href":"https:\/\/hatikva.de\/schlussstrich\/wp-json\/wp\/v2\/comments?post=62"}],"version-history":[{"count":6,"href":"https:\/\/hatikva.de\/schlussstrich\/wp-json\/wp\/v2\/pages\/62\/revisions"}],"predecessor-version":[{"id":720,"href":"https:\/\/hatikva.de\/schlussstrich\/wp-json\/wp\/v2\/pages\/62\/revisions\/720"}],"wp:attachment":[{"href":"https:\/\/hatikva.de\/schlussstrich\/wp-json\/wp\/v2\/media?parent=62"}],"curies":[{"name":"wp","href":"https:\/\/api.w.org\/{rel}","templated":true}]}}