{"id":717,"date":"2021-01-06T16:10:03","date_gmt":"2021-01-06T15:10:03","guid":{"rendered":"https:\/\/hatikva.de\/schlussstrich\/?page_id=717"},"modified":"2021-01-06T16:10:03","modified_gmt":"2021-01-06T15:10:03","slug":"datenschutzerklaerung","status":"publish","type":"page","link":"https:\/\/hatikva.de\/schlussstrich\/datenschutzerklaerung\/","title":{"rendered":"Datenschutzerkl\u00e4rung"},"content":{"rendered":"<p>Wir erheben, verwenden und speichern Ihre personenbezogenen Daten ausschlie\u00dflich im Rahmen der Bestimmungen des Bundesdatenschutzgesetzes der Bundesrepublik Deutschland. Nachfolgend unterrichten wir Sie \u00fcber Art, Umfang und Zweck der Datenerhebung und Verwendung.<\/p>\n<h3>Erhebung und Verarbeitung von Daten<\/h3>\n<p>Jeder Zugriff auf unsere Internetseite und jeder Abruf einer auf dieser Website hinterlegten Datei werden protokolliert. Die Speicherung dient internen systembezogenen und statistischen Zwecken. Protokolliert werden: Name der abgerufenen Datei, Datum und Uhrzeit des Abrufs, \u00fcbertragene Datenmenge, Meldung \u00fcber erfolgreichen Abruf, Webbrowser und anfragende Domain. Zus\u00e4tzlich werden die IP Adressen der anfragenden Rechner protokolliert. Weitergehende personenbezogene Daten werden nur erfasst, wenn der Nutzer der Website und\/oder Kunde Angaben freiwillig, etwa im Rahmen einer Anfrage oder Registrierung oder zum Abschluss eines Vertrages oder \u00fcber die Einstellungen seines Browsers t\u00e4tigt. Unsere Internetseite verwendet Cookies. Ein Cookie ist eine Textdatei, die beim Besuch einer Internetseite verschickt und auf der Festplatte des Nutzers der Website und\/oder Kunden zwischengespeichert wird. Wird der entsprechende Server unserer Webseite erneut vom Nutzer der Website und\/oder Kunden aufgerufen, sendet der Browser des Nutzers der Website und\/oder des Kunden den zuvor empfangenen Cookie wieder zur\u00fcck an den Server. Der Server kann dann die durch diese Prozedur erhaltenen Informationen auf verschiedene Arten auswerten. Durch Cookies k\u00f6nnen z. B. Werbeeinblendungen gesteuert oder das Navigieren auf einer Internetseite erleichtert werden. Wenn der Nutzer der Website und\/oder Kunde die Nutzung von Cookies unterbinden will, kann er dies durch lokale Vornahme der \u00c4nderungen seiner Einstellungen in dem auf seinem Computer verwendeten Internetbrowser, also dem Programm zum \u00d6ffnen und Anzeigen von Internetseiten (z.B. Internet Explorer, Mozilla Firefox, Opera oder Safari) tun.<\/p>\n<h3>Nutzung und Weitergabe personenbezogener Daten<\/h3>\n<p>Soweit der Nutzer unserer Webseite personenbezogene Daten zur Verf\u00fcgung gestellt hat, verwenden wir diese nur zur Beantwortung von Anfragen des Nutzers der Website und\/oder Kunden, zur Abwicklung mit dem Nutzer der Website und\/oder Kunden geschlossener Vertr\u00e4ge und f\u00fcr die technische Administration. Personenbezogene Daten werden von uns an Dritte nur weitergegeben oder sonst \u00fcbermittelt, wenn dies zum Zwecke der Vertragsabwicklung oder zu Abrechnungszwecken erforderlich ist oder der Nutzer der Website und\/oder Kunde zuvor eingewilligt hat. Der Nutzer der Website und\/oder Kunde hat das Recht, eine erteilte Einwilligung mit Wirkung f\u00fcr die Zukunft jederzeit zu widerrufen.<\/p>\n<p>Die L\u00f6schung der gespeicherten personenbezogenen Daten erfolgt, wenn der Nutzer der Website und\/oder Kunde die Einwilligung zur Speicherung widerruft, wenn ihre Kenntnis zur Erf\u00fcllung des mit der Speicherung verfolgten Zwecks nicht mehr erforderlich ist oder wenn ihre Speicherung aus sonstigen gesetzlichen Gr\u00fcnden unzul\u00e4ssig ist. Daten f\u00fcr Abrechnungszwecke und buchhalterische Zwecke werden von einem L\u00f6schungsverlangen nicht ber\u00fchrt.<\/p>\n<h3>Auskunftsrecht<\/h3>\n<p>Auf schriftliche Anfrage informieren wir den Nutzer der Website und\/oder den Kunden \u00fcber die zu seiner Person gespeicherten Daten. Die Anfrage ist an unsere im Impressum der Webseite angegebene Adresse zu richten. Unsere Internetseite verwendet den Analysedienst Google Analytics. Dieser Webanalysedienst wird von der Google Inc., 1600 Amphitheatre Parkway, Mountain View, CA 94043, USA (im Folgenden kurz: Google) betrieben.Dieses Analysetool funktioniert auf Grundlage von Cookies. Ein Cookie ist eine Textdatei, die beim Besuch einer Internetseite verschickt und auf der Festplatte des Nutzers der Website zwischengespeichert wird um eine Analyse der Benutzung der Webseite durch Sie zu erm\u00f6glichen. Die durch den Cookie gespeicherten Informationen werden in der Regel an einen Server von Google in den USA \u00fcbertragen und dort dann gespeichert.Im Rahmen der IP-Anonymisierung wird Ihre IP-Adresse von Google innerhalb eines Mitgliedsstaates der EU oder einem anderen Vertragsstaat des Abkommens \u00fcber den europ\u00e4ischen Wirtschaftsraum zuvor gek\u00fcrzt. In unserem Auftrag wird Google die \u00fcbertragenen Informationen nutzen, um einen Report \u00fcber die Nutzung der Webseite zu erstellen. Die im Rahmen von Google Analytics \u00fcbermittelte IP-Adresse wird nicht mit anderen Daten von Google zusammengef\u00fchrt. Wenn Sie die Nutzung von Cookies unterbinden m\u00f6chten, k\u00f6nnen Sie dies durch lokale Vornahme der \u00c4nderungen Ihrer Einstellungen in dem auf Ihrem Computer verwendeten Internetbrowser (z.B. Safari, Internet Explorer, Opera, Firefox etc.), also dem Programm zum \u00d6ffnen und Anzeigen von Internetseiten tun. Ferner k\u00f6nnen Sie die Erfassung und Verarbeitung Ihrer Daten durch den Cookie von Google, verhindern indem Sie ein unter dem folgenden Link von Google angebotenes Browser-Plugin herunterladen und installieren: http:\/\/tools.google.com\/dlpage\/gaoptout?hl=de.<\/p>\n<p>Quelle: IT Recht Hannover | Rechtsanwalt E. Strohmeyer<\/p>\n","protected":false},"excerpt":{"rendered":"<p>Wir erheben, verwenden und speichern Ihre personenbezogenen Daten ausschlie\u00dflich im Rahmen der Bestimmungen des Bundesdatenschutzgesetzes der Bundesrepublik Deutschland. Nachfolgend unterrichten wir Sie \u00fcber Art, Umfang und Zweck der Datenerhebung und Verwendung. Erhebung und Verarbeitung von Daten Jeder Zugriff auf unsere Internetseite und jeder Abruf einer auf dieser Website hinterlegten Datei werden protokolliert. Die Speicherung dient [&hellip;]<\/p>\n","protected":false},"author":2,"featured_media":0,"parent":0,"menu_order":0,"comment_status":"closed","ping_status":"closed","template":"","meta":[],"_links":{"self":[{"href":"https:\/\/hatikva.de\/schlussstrich\/wp-json\/wp\/v2\/pages\/717"}],"collection":[{"href":"https:\/\/hatikva.de\/schlussstrich\/wp-json\/wp\/v2\/pages"}],"about":[{"href":"https:\/\/hatikva.de\/schlussstrich\/wp-json\/wp\/v2\/types\/page"}],"author":[{"embeddable":true,"href":"https:\/\/hatikva.de\/schlussstrich\/wp-json\/wp\/v2\/users\/2"}],"replies":[{"embeddable":true,"href":"https:\/\/hatikva.de\/schlussstrich\/wp-json\/wp\/v2\/comments?post=717"}],"version-history":[{"count":1,"href":"https:\/\/hatikva.de\/schlussstrich\/wp-json\/wp\/v2\/pages\/717\/revisions"}],"predecessor-version":[{"id":718,"href":"https:\/\/hatikva.de\/schlussstrich\/wp-json\/wp\/v2\/pages\/717\/revisions\/718"}],"wp:attachment":[{"href":"https:\/\/hatikva.de\/schlussstrich\/wp-json\/wp\/v2\/media?parent=717"}],"curies":[{"name":"wp","href":"https:\/\/api.w.org\/{rel}","templated":true}]}}